{"id":154,"date":"2024-10-11T16:35:55","date_gmt":"2024-10-11T21:35:55","guid":{"rendered":"https:\/\/www.defensoria.uni.edu.pe\/?page_id=154"},"modified":"2024-10-11T17:01:38","modified_gmt":"2024-10-11T22:01:38","slug":"que-son","status":"publish","type":"page","link":"https:\/\/www.defensoria.uni.edu.pe\/?page_id=154","title":{"rendered":"\u00bfQu\u00e9 son?"},"content":{"rendered":"\n<p class=\"has-medium-font-size\"><\/p>\n\n\n\n<div class=\"wp-block-columns is-layout-flex wp-container-core-columns-is-layout-4f8499c8 wp-block-columns-is-layout-flex\">\n<div class=\"wp-block-column is-layout-flow wp-block-column-is-layout-flow\">\n<p class=\"has-black-color has-text-color has-link-color wp-elements-8e34d45ff6e95dd315bde1a652d56027\" style=\"font-size:18px\">Los Derechos Universitarios son el conjunto de prerrogativas otorgadas por la Legislaci\u00f3n Universitaria de la UNI a todos los miembros de la comunidad universitaria. Estas prerrogativas tienen como objetivo preservar el estado de derecho para los integrantes de la comunidad y tambi\u00e9n para la propia instituci\u00f3n a trav\u00e9s de la protecci\u00f3n, exigencia y observaci\u00f3n de los derechos fundamentales del ser humano.<\/p>\n\n\n\n<p class=\"has-black-color has-text-color has-link-color wp-elements-f7115ffb40c73c71044e470e8e2541d1\" style=\"font-size:18px\">Cabe destacar que, en el \u00e1mbito de sus competencias, todas las autoridades de la UNI tienen la obligaci\u00f3n de promover, respetar, proteger y garantizar los derechos universitarios consignados en la Legislaci\u00f3n Universitaria. En ese sentido, una de las atribuciones principales de la Defensor\u00eda de los Derechos Universitarios, Igualdad y Atenci\u00f3n de la Violencia de G\u00e9nero es la divulgaci\u00f3n de sus funciones de protecci\u00f3n y vigilancia (realizadas en colaboraci\u00f3n con las autoridades universitarias) entre la comunidad que integra esta M\u00e1xima Casa de Estudios.&nbsp;<\/p>\n\n\n\n<div class=\"wp-block-columns is-layout-flex wp-container-core-columns-is-layout-9d6595d7 wp-block-columns-is-layout-flex\">\n<div class=\"wp-block-column is-layout-flow wp-block-column-is-layout-flow\" style=\"flex-basis:100%\">\n<p class=\"has-black-color has-text-color has-link-color wp-elements-547216b7d0cb749c965d5ec1ffdd3a0b\" style=\"font-size:18px\"><strong>Los derechos universitarios contemplados en el Estatuto General de la UNI, son las siguientes:\u00a0<\/strong><\/p>\n\n\n\n<p class=\"has-black-color has-text-color has-link-color wp-elements-e4a4fe858c3123350382acd4fd8912c0\" style=\"font-size:18px\"><strong>CAP\u00cdTULO II: DE LOS DERECHOS DE LOS ESTUDIANTES\u00a0<\/strong><\/p>\n\n\n\n<p class=\"has-black-color has-text-color has-link-color wp-elements-02c978e4ed1b5d892724852a6df7bb29\" style=\"font-size:18px\"><strong>Art. 247\u00b0.- Los estudiantes tienen los siguientes derechos:<\/strong><\/p>\n<\/div>\n<\/div>\n<\/div>\n<\/div>\n\n\n\n<p style=\"font-size:18px\">a) Recibir una formaci\u00f3n human\u00edstica, acad\u00e9mica y profesional de calidad que les otorgue conocimientos para el desempe\u00f1o profesional y herramientas de investigaci\u00f3n.&nbsp;<\/p>\n\n\n\n<p style=\"font-size:18px\">b) La gratuidad de la ense\u00f1anza para el estudio de una sola carrera.&nbsp;<\/p>\n\n\n\n<p style=\"font-size:18px\">c) Participar activamente en el proceso de ense\u00f1anza \u2013 aprendizaje, investigaci\u00f3n y proyecci\u00f3n social.<\/p>\n\n\n\n<p style=\"font-size:18px\">d) Participar en el proceso de evaluaci\u00f3n a los docentes por periodo acad\u00e9mico con fines de permanencia, ratificaci\u00f3n, promoci\u00f3n o separaci\u00f3n.<\/p>\n\n\n\n<p style=\"font-size:18px\">e) Expresar libremente sus ideas, sin que pueda ser sancionado por causa de las mismas.<\/p>\n\n\n\n<p style=\"font-size:18px\">f) Recibir informaci\u00f3n para un adecuado desempe\u00f1o como miembro de la comunidad universitaria.&nbsp;<\/p>\n\n\n\n<p style=\"font-size:18px\">g) Participar en el gobierno de la universidad y fiscalizaci\u00f3n de la actividad universitaria. Asimismo, en los diferentes \u00f3rganos de coordinaci\u00f3n, fomento, proyecci\u00f3n social y de coordinaci\u00f3n acad\u00e9mica a todo nivel en la universidad, de acuerdo a Ley y seg\u00fan el presente Estatuto.&nbsp;<\/p>\n\n\n\n<p style=\"font-size:18px\">h) Ejercer el derecho de asociaci\u00f3n de manera independiente, para los fines vinculados con la universidad.&nbsp;<\/p>\n\n\n\n<p style=\"font-size:18px\">i) Contar con docentes capacitados y adecuados ambientes, instalaciones, biblioteca, laboratorios, mobiliario y equipos con la finalidad de garantizar excelencia acad\u00e9mica.&nbsp;<\/p>\n\n\n\n<p style=\"font-size:18px\">j) Ingresar libremente a las instalaciones universitarias, a las actividades acad\u00e9micas y de investigaci\u00f3n programadas.&nbsp;<\/p>\n\n\n\n<p style=\"font-size:18px\">k) Acceder a los servicios de bienestar universitario de calidad: becas, comedor universitario, residencia, asistencia m\u00e9dica, asistencia psicopedag\u00f3gica, instalaciones deportivas, transporte, asesor\u00eda jur\u00eddica por la Defensor\u00eda Universitaria y otros que establezca el respectivo reglamento.&nbsp;<\/p>\n\n\n\n<p style=\"font-size:18px\">l) Solicitar reserva de matr\u00edcula por razones de trabajo o de otra naturaleza debidamente sustentada. No se exceder\u00e1 de tres (03) a\u00f1os consecutivos o alternos, caso contrario perder\u00e1 la condici\u00f3n de estudiante.&nbsp;<\/p>\n\n\n\n<p style=\"font-size:18px\">m) La gratuidad para el asesoramiento, la elaboraci\u00f3n y la sustentaci\u00f3n de su tesis, para obtener el grado de Bachiller y T\u00edtulo Profesional, por solo una vez.&nbsp;<\/p>\n\n\n\n<p style=\"font-size:18px\">n) Elegir y ser elegidos libremente conforme a las normas establecidas.&nbsp;<\/p>\n\n\n\n<p style=\"font-size:18px\">o) Acceder a subvenciones para fines de investigaci\u00f3n que la universidad otorgue, de acuerdo al reglamento de investigaci\u00f3n.&nbsp;<\/p>\n\n\n\n<p style=\"font-size:18px\">p) Recibir el apoyo de la universidad para la inserci\u00f3n en el mercado laboral.&nbsp;<\/p>\n\n\n\n<p style=\"font-size:18px\">q) Recibir el apoyo de las facultades para realizar pr\u00e1cticas pre-profesionales nacionales o internacionales.&nbsp;<\/p>\n\n\n\n<p style=\"font-size:18px\">r) Organizarse en forma democr\u00e1tica e independiente en la Asociaci\u00f3n de Centros de Estudiantes (ACUNI) y Centros de Estudiantes como organismos gremiales independientes de los estudiantes, a la cual la universidad dotar\u00e1 de los recursos necesarios para su buen funcionamiento previa presentaci\u00f3n de un cronograma de actividades.&nbsp;<\/p>\n\n\n\n<p style=\"font-size:18px\">s) Participar en incubadoras de empresas vinculadas a la investigaci\u00f3n.&nbsp;<\/p>\n\n\n\n<p style=\"font-size:18px\">t) Participar en los intercambios estudiantiles a nivel nacional e internacional preferentemente relacionados con actividades de investigaci\u00f3n, para lo cual la universidad promover\u00e1 y apoyar\u00e1 mediante sus Oficinas Centrales y Facultades.&nbsp;<\/p>\n\n\n\n<p style=\"font-size:18px\">u) Permitir a los estudiantes del tercio superior el ingreso a los estudios de postgrado de la universidad, de acuerdo al reglamento.&nbsp;<\/p>\n\n\n\n<p style=\"font-size:18px\">v) Acceder a los programas de becas ofrecidas por el Estado, la cooperaci\u00f3n internacional e instituciones afines, los cuales ser\u00e1n promovidos por la Universidad mediante convenios internacionales.&nbsp;<\/p>\n\n\n\n<p style=\"font-size:18px\">w) Ser asistido durante su formaci\u00f3n mediante un sistema eficaz de tutor\u00edas para garantizar su avance curricular as\u00ed como para iniciarse en la investigaci\u00f3n. Esta actividad estar\u00e1 a cargo de cada Facultad a trav\u00e9s de las oficinas correspondientes.&nbsp;<\/p>\n\n\n\n<p style=\"font-size:18px\">x) Acceso a las ayudant\u00edas, las cuales ser\u00e1n dispuestas por las facultades. y) Fiscalizar la calidad acad\u00e9mica y pedag\u00f3gica del docente.&nbsp;<\/p>\n\n\n\n<p style=\"font-size:18px\">Art. 248\u00b0.- Los estudiantes regulares de la universidad pueden participar como ayudantes de c\u00e1tedra, de laboratorio, y otros. Dicha participaci\u00f3n da derecho a la obtenci\u00f3n del certificado correspondiente de acuerdo al reglamento respectivo.&nbsp;<\/p>\n","protected":false},"excerpt":{"rendered":"<p>Los Derechos Universitarios son el conjunto de prerrogativas otorgadas por la Legislaci\u00f3n Universitaria de la UNI a todos los miembros de la comunidad universitaria. Estas prerrogativas tienen como objetivo preservar el estado de derecho para los integrantes de la comunidad y tambi\u00e9n para la propia &hellip; <\/p>\n","protected":false},"author":1,"featured_media":0,"parent":0,"menu_order":0,"comment_status":"closed","ping_status":"closed","template":"","meta":{"footnotes":""},"class_list":["post-154","page","type-page","status-publish","hentry"],"_links":{"self":[{"href":"https:\/\/www.defensoria.uni.edu.pe\/index.php?rest_route=\/wp\/v2\/pages\/154","targetHints":{"allow":["GET"]}}],"collection":[{"href":"https:\/\/www.defensoria.uni.edu.pe\/index.php?rest_route=\/wp\/v2\/pages"}],"about":[{"href":"https:\/\/www.defensoria.uni.edu.pe\/index.php?rest_route=\/wp\/v2\/types\/page"}],"author":[{"embeddable":true,"href":"https:\/\/www.defensoria.uni.edu.pe\/index.php?rest_route=\/wp\/v2\/users\/1"}],"replies":[{"embeddable":true,"href":"https:\/\/www.defensoria.uni.edu.pe\/index.php?rest_route=%2Fwp%2Fv2%2Fcomments&post=154"}],"version-history":[{"count":6,"href":"https:\/\/www.defensoria.uni.edu.pe\/index.php?rest_route=\/wp\/v2\/pages\/154\/revisions"}],"predecessor-version":[{"id":167,"href":"https:\/\/www.defensoria.uni.edu.pe\/index.php?rest_route=\/wp\/v2\/pages\/154\/revisions\/167"}],"wp:attachment":[{"href":"https:\/\/www.defensoria.uni.edu.pe\/index.php?rest_route=%2Fwp%2Fv2%2Fmedia&parent=154"}],"curies":[{"name":"wp","href":"https:\/\/api.w.org\/{rel}","templated":true}]}}