{"id":2,"date":"2023-09-27T02:03:22","date_gmt":"2023-09-27T07:03:22","guid":{"rendered":"http:\/\/181.176.48.220\/dirwpdu\/?page_id=2"},"modified":"2024-10-11T15:30:04","modified_gmt":"2024-10-11T20:30:04","slug":"pagina-de-ejemplo","status":"publish","type":"page","link":"https:\/\/www.defensoria.uni.edu.pe\/?page_id=2","title":{"rendered":"Naturaleza de la Defensor\u00eda"},"content":{"rendered":"\n<p>La Defensor\u00eda de los Derechos Universitarios,&nbsp;Igualdad y los \u00d3rganos contra el hostigamiento sexual es creado por el Consejo Universitario para salvaguardar los derechos que establece la Legislaci\u00f3n Universitaria en favor de los estudiantes y acad\u00e9micos de la UNI.<\/p>\n\n\n\n<p>La Defensor\u00eda es una autoridad que interviene para alcanzar soluciones a los problemas planteados por estudiantes y acad\u00e9micos, cuando esas situaciones se encuentran dentro de su competencia. La Defensor\u00eda emite recomendaciones dirigidas a las autoridades cuando se ha vulnerado un derecho establecido en favor de acad\u00e9micos o estudiantes.<\/p>\n\n\n\n<p>Las recomendaciones que emite la Defensor\u00eda no son obligatorias, pero adquieren obligatoriedad cuando una autoridad las acepta. Cuando la autoridad no admita una recomendaci\u00f3n, debe se\u00f1alar exhaustivamente las razones por las cuales la rechaza.<\/p>\n","protected":false},"excerpt":{"rendered":"<p>La Defensor\u00eda de los Derechos Universitarios,&nbsp;Igualdad y los \u00d3rganos contra el hostigamiento sexual es creado por el Consejo Universitario para salvaguardar los derechos que establece la Legislaci\u00f3n Universitaria en favor de los estudiantes y acad\u00e9micos de la UNI. La Defensor\u00eda es una autoridad que interviene &hellip; <\/p>\n","protected":false},"author":1,"featured_media":14,"parent":0,"menu_order":0,"comment_status":"closed","ping_status":"open","template":"","meta":{"footnotes":""},"class_list":["post-2","page","type-page","status-publish","has-post-thumbnail","hentry"],"_links":{"self":[{"href":"https:\/\/www.defensoria.uni.edu.pe\/index.php?rest_route=\/wp\/v2\/pages\/2","targetHints":{"allow":["GET"]}}],"collection":[{"href":"https:\/\/www.defensoria.uni.edu.pe\/index.php?rest_route=\/wp\/v2\/pages"}],"about":[{"href":"https:\/\/www.defensoria.uni.edu.pe\/index.php?rest_route=\/wp\/v2\/types\/page"}],"author":[{"embeddable":true,"href":"https:\/\/www.defensoria.uni.edu.pe\/index.php?rest_route=\/wp\/v2\/users\/1"}],"replies":[{"embeddable":true,"href":"https:\/\/www.defensoria.uni.edu.pe\/index.php?rest_route=%2Fwp%2Fv2%2Fcomments&post=2"}],"version-history":[{"count":1,"href":"https:\/\/www.defensoria.uni.edu.pe\/index.php?rest_route=\/wp\/v2\/pages\/2\/revisions"}],"predecessor-version":[{"id":75,"href":"https:\/\/www.defensoria.uni.edu.pe\/index.php?rest_route=\/wp\/v2\/pages\/2\/revisions\/75"}],"wp:featuredmedia":[{"embeddable":true,"href":"https:\/\/www.defensoria.uni.edu.pe\/index.php?rest_route=\/wp\/v2\/media\/14"}],"wp:attachment":[{"href":"https:\/\/www.defensoria.uni.edu.pe\/index.php?rest_route=%2Fwp%2Fv2%2Fmedia&parent=2"}],"curies":[{"name":"wp","href":"https:\/\/api.w.org\/{rel}","templated":true}]}}