{"id":78,"date":"2024-10-04T14:24:17","date_gmt":"2024-10-04T19:24:17","guid":{"rendered":"https:\/\/www.defensoria.uni.edu.pe\/?page_id=78"},"modified":"2024-10-04T14:24:25","modified_gmt":"2024-10-04T19:24:25","slug":"funciones","status":"publish","type":"page","link":"https:\/\/www.defensoria.uni.edu.pe\/?page_id=78","title":{"rendered":"Funciones"},"content":{"rendered":"\n<p>De acuerdo con el art\u00edculo 11\u00b0 de la Resoluci\u00f3n Rectoral N\u00b0 788 y con el art\u00edculo 13\u00b0 de la Resoluci\u00f3n Rectoral N\u00b0 0171-2023. La Defensor\u00eda vela por los Derechos Universitarios,&nbsp;Igualdad y Hostigamiento sexual&nbsp;es un \u00f3rgano de la Universidad Nacional Ingenier\u00eda que, para contribuir a la promoci\u00f3n de la igualdad entre los universitarios, tiene por objeto:<\/p>\n\n\n\n<p>I. Recibir y atender quejas del alumnado y de toda la comunidad universitaria de la UNI, por actos u omisiones que afecten los derechos que otorga la normativa universitaria;<\/p>\n\n\n\n<p>II. Recibir y atender denuncias del alumnado, y de toda la comunidad universitaria por actos u omisiones que constituyan violencia de g\u00e9nero;<\/p>\n\n\n\n<p>III. Coadyuvar con las autoridades en la estrategia de prevenci\u00f3n, atenci\u00f3n, sanci\u00f3n y erradicaci\u00f3n de la violencia de g\u00e9nero y cualquier otra forma de violencia en la UNI, y<\/p>\n\n\n\n<p>IV. Proporcionar asesor\u00eda en materia de derechos universitarios y hostigamiento sexual.<\/p>\n","protected":false},"excerpt":{"rendered":"<p>De acuerdo con el art\u00edculo 11\u00b0 de la Resoluci\u00f3n Rectoral N\u00b0 788 y con el art\u00edculo 13\u00b0 de la Resoluci\u00f3n Rectoral N\u00b0 0171-2023. La Defensor\u00eda vela por los Derechos Universitarios,&nbsp;Igualdad y Hostigamiento sexual&nbsp;es un \u00f3rgano de la Universidad Nacional Ingenier\u00eda que, para contribuir a la &hellip; <\/p>\n","protected":false},"author":1,"featured_media":0,"parent":0,"menu_order":0,"comment_status":"closed","ping_status":"closed","template":"","meta":{"footnotes":""},"class_list":["post-78","page","type-page","status-publish","hentry"],"_links":{"self":[{"href":"https:\/\/www.defensoria.uni.edu.pe\/index.php?rest_route=\/wp\/v2\/pages\/78","targetHints":{"allow":["GET"]}}],"collection":[{"href":"https:\/\/www.defensoria.uni.edu.pe\/index.php?rest_route=\/wp\/v2\/pages"}],"about":[{"href":"https:\/\/www.defensoria.uni.edu.pe\/index.php?rest_route=\/wp\/v2\/types\/page"}],"author":[{"embeddable":true,"href":"https:\/\/www.defensoria.uni.edu.pe\/index.php?rest_route=\/wp\/v2\/users\/1"}],"replies":[{"embeddable":true,"href":"https:\/\/www.defensoria.uni.edu.pe\/index.php?rest_route=%2Fwp%2Fv2%2Fcomments&post=78"}],"version-history":[{"count":1,"href":"https:\/\/www.defensoria.uni.edu.pe\/index.php?rest_route=\/wp\/v2\/pages\/78\/revisions"}],"predecessor-version":[{"id":79,"href":"https:\/\/www.defensoria.uni.edu.pe\/index.php?rest_route=\/wp\/v2\/pages\/78\/revisions\/79"}],"wp:attachment":[{"href":"https:\/\/www.defensoria.uni.edu.pe\/index.php?rest_route=%2Fwp%2Fv2%2Fmedia&parent=78"}],"curies":[{"name":"wp","href":"https:\/\/api.w.org\/{rel}","templated":true}]}}